{"id":607,"date":"2016-02-03T02:31:21","date_gmt":"2016-02-03T01:31:21","guid":{"rendered":"http:\/\/maisonsdelapaix.fr\/?page_id=607"},"modified":"2020-11-14T03:22:51","modified_gmt":"2020-11-14T02:22:51","slug":"qui-sommes-nous","status":"publish","type":"page","link":"https:\/\/www.batir-la-paix.fr\/index.php\/un-reseau-pour-la-paix\/qui-sommes-nous\/","title":{"rendered":"Qui sommes-nous ?"},"content":{"rendered":"\n<p>Le projet de l&rsquo;association B\u00e2tir la Paix et des Maisons de la Paix est le fruit d&rsquo;un groupe de r\u00e9flexion&nbsp;informel, initi\u00e9 dans les ann\u00e9es 2000,&nbsp;compos\u00e9 de personnes issues notamment&nbsp;de l&rsquo;enseignement, de l&rsquo;entreprise ou de l&rsquo;assistance sociale, et r\u00e9unis autour d&rsquo;un m\u00eame objectif&nbsp;: r\u00e9pondre concr\u00e8tement, et par la paix, \u00e0 des probl\u00e8mes sociaux fondamentaux restant sans r\u00e9ponse ni solution.<br>Ce projet, initialement intitul\u00e9 \u00ab\u00a0Cultures en paix\u00a0\u00bb et d\u00e9pos\u00e9 \u00e0 l&rsquo;INPI d\u00e8s 2007 a pris la forme du projet tel qu&rsquo;il se pr\u00e9sente aujourd&rsquo;hui.<\/p>\n\n\n\n<p>Ind\u00e9pendantes, apolitiques et a-confessionnelles, les Maisons de la Paix se veulent fondamentalement porteuses des valeurs de la R\u00e9publique et, par essence, ouvertes \u00e0 tous et \u00e0 toutes les cultures. Cette ouverture&nbsp;rend obligatoire cette&nbsp;notion d&rsquo;implantation nationale, car&nbsp;le mod\u00e8le de soci\u00e9t\u00e9 que doivent refl\u00e9ter chacune de ces&nbsp;maisons ne peut prendre de sens v\u00e9ritable qu&rsquo;\u00e0 l&rsquo;\u00e9chelle, justement, de la soci\u00e9t\u00e9 toute enti\u00e8re.<br>Pr\u00e9cisons que,&nbsp;dans leur tendance politique (droite, gauche, centre), les porteurs&nbsp;de ce projet se tiennent \u00e9loign\u00e9s des extr\u00eames. Ce positionnement&nbsp;est un refus d&rsquo;adh\u00e9rer \u00e0&nbsp;des discours populistes entretenant&nbsp;la haine et la division sociale, mais&nbsp;aussi un refus d&rsquo;adh\u00e9rer \u00e0 des id\u00e9es promouvant le repli sur soi l\u00e0 o\u00f9 pr\u00e9cis\u00e9ment, la r\u00e9ponse se trouve dans l&rsquo;ouverture aux autres.&nbsp;Pr\u00e9cisons aussi que nous pouvons \u00eatre croyants ou non, \u00eatre issus de confessions diff\u00e9rentes, et que nous refusons \u00e0 la&nbsp;fois le pros\u00e9lytisme et le \u00ab\u00a0la\u00efcisme radical\u00a0\u00bb.<\/p>\n\n\n\n<p><strong>Association B\u00e2tir la Paix<\/strong><br>18, rue de Chaumont<br>60 270 Gouvieux<\/p>\n\n\n\n<p>T\u00e9l\u00e9phone : 03 44 57 17 43<\/p>\n\n\n\n<p>Pr\u00e9sidente de l\u2019association : Marie-Pierre Oudin \u2013 <a href=\"https:\/\/www.batir-la-paix.fr\/index.php\/contactez-nous\/\">Contactez-nous<\/a><\/p>\n","protected":false},"excerpt":{"rendered":"<p>Le projet de l&rsquo;association B\u00e2tir la Paix et des Maisons de la Paix est le fruit d&rsquo;un groupe de r\u00e9flexion&nbsp;informel, initi\u00e9 dans les ann\u00e9es 2000,&nbsp;compos\u00e9 de personnes issues notamment&nbsp;de l&rsquo;enseignement, de l&rsquo;entreprise ou de l&rsquo;assistance sociale, et r\u00e9unis autour d&rsquo;un m\u00eame objectif&nbsp;: r\u00e9pondre concr\u00e8tement, et par la paix, \u00e0 des probl\u00e8mes sociaux fondamentaux restant sans r\u00e9ponse ni solution.Ce projet, initialement &hellip; <\/p>\n","protected":false},"author":1,"featured_media":0,"parent":1295,"menu_order":0,"comment_status":"closed","ping_status":"closed","template":"","meta":{"ub_ctt_via":""},"featured_image_src":null,"uagb_featured_image_src":{"full":false,"thumbnail":false,"medium":false,"medium_large":false,"large":false,"1536x1536":false,"2048x2048":false,"ub-block-post-grid-landscape":false,"charity-care-donation-post":false,"charity-care-give":false,"benevolent-slider":false,"benevolent-community":false,"benevolent-blog":false,"benevolent-with-sidebar":false,"benevolent-without-sidebar":false,"benevolent-featured-post":false,"benevolent-recent-post":false,"benevolent-schema":false},"uagb_author_info":{"display_name":"B\u00e2tir la Paix","author_link":"https:\/\/www.batir-la-paix.fr\/index.php\/author\/admin6005\/"},"uagb_comment_info":0,"uagb_excerpt":"Le projet de l&rsquo;association B\u00e2tir la Paix et des Maisons de la Paix est le fruit d&rsquo;un groupe de r\u00e9flexion&nbsp;informel, initi\u00e9 dans les ann\u00e9es 2000,&nbsp;compos\u00e9 de personnes issues notamment&nbsp;de l&rsquo;enseignement, de l&rsquo;entreprise ou de l&rsquo;assistance sociale, et r\u00e9unis autour d&rsquo;un m\u00eame objectif&nbsp;: r\u00e9pondre concr\u00e8tement, et par la paix, \u00e0 des probl\u00e8mes sociaux fondamentaux restant sans\u2026","_links":{"self":[{"href":"https:\/\/www.batir-la-paix.fr\/index.php\/wp-json\/wp\/v2\/pages\/607"}],"collection":[{"href":"https:\/\/www.batir-la-paix.fr\/index.php\/wp-json\/wp\/v2\/pages"}],"about":[{"href":"https:\/\/www.batir-la-paix.fr\/index.php\/wp-json\/wp\/v2\/types\/page"}],"author":[{"embeddable":true,"href":"https:\/\/www.batir-la-paix.fr\/index.php\/wp-json\/wp\/v2\/users\/1"}],"replies":[{"embeddable":true,"href":"https:\/\/www.batir-la-paix.fr\/index.php\/wp-json\/wp\/v2\/comments?post=607"}],"version-history":[{"count":5,"href":"https:\/\/www.batir-la-paix.fr\/index.php\/wp-json\/wp\/v2\/pages\/607\/revisions"}],"predecessor-version":[{"id":1885,"href":"https:\/\/www.batir-la-paix.fr\/index.php\/wp-json\/wp\/v2\/pages\/607\/revisions\/1885"}],"up":[{"embeddable":true,"href":"https:\/\/www.batir-la-paix.fr\/index.php\/wp-json\/wp\/v2\/pages\/1295"}],"wp:attachment":[{"href":"https:\/\/www.batir-la-paix.fr\/index.php\/wp-json\/wp\/v2\/media?parent=607"}],"curies":[{"name":"wp","href":"https:\/\/api.w.org\/{rel}","templated":true}]}}