{"id":46,"date":"2015-07-11T00:57:17","date_gmt":"2015-07-10T22:57:17","guid":{"rendered":"http:\/\/127.0.0.1\/serveur\/?page_id=46"},"modified":"2020-09-06T02:43:09","modified_gmt":"2020-09-06T00:43:09","slug":"un-lieu-dentraide","status":"publish","type":"page","link":"https:\/\/www.batir-la-paix.fr\/index.php\/presentation-maisons-de-la-paix\/un-lieu-dentraide\/","title":{"rendered":"Un lieu d\u2019accueil social"},"content":{"rendered":"\n<p>Une Maison de la Paix est avant tout une porte ouverte \u00e0 tous. Un lieu d&rsquo;accueil et de\u00a0tol\u00e9rance, d&rsquo;\u00e9coute et d&rsquo;\u00e9change, d&rsquo;accompagnement\u00a0et\u00a0d&rsquo;orientation.\u00a0\u00a0Un lieu\u00a0o\u00f9 quiconque peut trouver un interlocuteur attentif\u00a0et\u00a0impliqu\u00e9 \u00e0 m\u00eame d&rsquo;apporter une <em>premi\u00e8re r\u00e9ponse<\/em>, un conseil\u00a0ou\u00a0une orientation, dans un\u00a0cadre neutre et non institutionnel. Il s&rsquo;agit de constituer, par certains aspects, <strong>un\u00a0syndicat d&rsquo;initiatives social<\/strong>\u00a0: un lieu faisant office de case d\u00e9part \u00e0\u00a0toutes d\u00e9marches sociales, qu&rsquo;il s&rsquo;agisse de projets \u00e0 mener ou de probl\u00e9matiques \u00e0 r\u00e9soudre.<br>Mais au-del\u00e0 de cette\u00a0dimension\u00a0d&rsquo;accueil <em>universel<\/em>, l&rsquo;ambition de ce service est de permettre \u00e0 chacun d&rsquo;\u00eatre conseill\u00e9,\u00a0suivi ou mis en relation, dans le cadre des Maisons de la Paix, avec un intervenant offrant un conseil approfondi ou un accompagnement personnalis\u00e9.<\/p>\n\n\n\n<p>En se positionnant\u00a0sur le cr\u00e9neau de l&rsquo;accueil, l&rsquo;accompagnement et l&rsquo;orientation, les Maisons de la Paix souhaitent atteindre deux objectifs principaux : favoriser l&rsquo;acc\u00e8s et l&rsquo;insertion\u00a0concr\u00e8te de chacun dans le circuit d&rsquo;int\u00e9gration,<strong> sans restriction de classe sociale<\/strong>, et lutter contre un ph\u00e9nom\u00e8ne de d\u00e9socialisation et de marginalisation menant les individus\u00a0\u00e0\u00a0adopter une posture d&rsquo;opposition envers\u00a0la soci\u00e9t\u00e9,\u00a0en l\u2019absence\u00a0de perspectives positives et concr\u00e8tes d&rsquo;\u00e9volution en son sein. Cette posture conduit bien souvent les individus \u00e0 emprunter les <em>routes de violences\u00a0<\/em>et accentue aussi leurs vuln\u00e9rabilit\u00e9s face aux risques de d\u00e9rives id\u00e9ologiques, religieuses, sectaires, etc.<br>Les Maisons de la Paix veulent\u00a0donc <em>populariser<\/em> et institutionnaliser un r\u00e9seau de lieux d&rsquo;accueil et d&rsquo;orientation faisant r\u00e9ellement office\u00a0de pont entre les individus et la soci\u00e9t\u00e9 et constituant autant de <strong>points d&rsquo;ancrage<\/strong> avec cette derni\u00e8re.<\/p>\n\n\n\n<hr class=\"wp-block-separator\"\/>\n\n\n\n<h2><strong>Objectifs<\/strong><\/h2>\n\n\n\n<blockquote><ul>\n<li>Constituer un point d&rsquo;ancrage avec la soci\u00e9t\u00e9<\/li>\n<li>Constituer un lieu d&rsquo;accueil&nbsp;et&nbsp;d&rsquo;orientation social<\/li>\n<li>Favoriser l&rsquo;insertion concr\u00e8te des individus dans le circuit d&rsquo;int\u00e9gration<\/li>\n<li>Favoriser&nbsp;et valoriser&nbsp;l&rsquo;\u00e9volution des individus dans la soci\u00e9t\u00e9<\/li>\n<\/ul><\/blockquote>\n\n\n\n<hr class=\"wp-block-separator\"\/>\n\n\n\n<h2><strong>Moyens<\/strong><\/h2>\n\n\n\n<blockquote class=\"moyens\"><ul>\n<li>Un lieu d&rsquo;accueil, convivial,&nbsp;ouvert \u00e0 tous<\/li>\n<li>Trois niveaux d&rsquo;accompagnement pour r\u00e9pondre \u00e0 un service complet d&rsquo;accueil, de conseil&nbsp;et d&rsquo;orientation sociale<\/li>\n<\/ul><\/blockquote>\n\n\n\n<hr class=\"wp-block-separator\"\/>\n\n\n\n<h4><strong>Une salle d&rsquo;accueil<\/strong><\/h4>\n\n\n\n<p>Centrale, cette salle, con\u00e7ue pour favoriser le dialogue et l&rsquo;ouverture aux autres, voit converger des&nbsp;individus&nbsp;d\u2019horizons diff\u00e9rents ;&nbsp;aussi bien le public des Maisons de la Paix que les b\u00e9n\u00e9voles et intervenants ext\u00e9rieurs.<\/p>\n\n\n\n<ul><li>C\u2019est dans cette salle qu\u2019un responsable&nbsp;accueille les visiteurs et les re\u00e7oit, le cas \u00e9ch\u00e9ant, pour un entretien priv\u00e9.<\/li><li>Lieu de pause, on peut s\u2019y retrouver autour d\u2019une table, boire un caf\u00e9 et converser de tout sujet.<\/li><li>Lieu de r\u00e9union, on peut s\u2019y retrouver pour d\u00e9battre ou se rassembler, sans n\u00e9cessairement&nbsp;participer aux autres activit\u00e9s propos\u00e9es par les Maisons de la Paix.<\/li><\/ul>\n\n\n\n<h4><strong>I. Accueil, information, orientation<\/strong><\/h4>\n\n\n\n<p>Par le biais des associations, des institutions et des diff\u00e9rents acteurs sociaux, la soci\u00e9t\u00e9 dispose d&rsquo;un large \u00e9ventail d&rsquo;outils et de dispositifs favorisant, directement ou indirectement, l&rsquo;int\u00e9gration des individus. Le premier niveau d&rsquo;accompagnement consiste&nbsp;donc \u00e0&nbsp;relayer ces offres de la mani\u00e8re la plus exhaustive possible et \u00e0 orienter les individus vers les structures les plus \u00e0 m\u00eame d&rsquo;offrir une r\u00e9ponse circonstanci\u00e9e.&nbsp;C&rsquo;est principalement \u00e0 travers ce service que la notion de \u00ab\u00a0syndicat d&rsquo;initiatives social\u00a0\u00bb s&rsquo;exprime et doit se l\u00e9gitimer.<\/p>\n\n\n\n<h4><strong>II. Conseil, accompagnement<\/strong><\/h4>\n\n\n\n<p>Le second niveau d&rsquo;accompagnement d\u00e9livre, quant \u00e0 lui, un service&nbsp;de conseil et de suivi permettant \u00e0 tout individu, porteur d&rsquo;une probl\u00e9matique ou simplement d&rsquo;un projet, de b\u00e9n\u00e9ficier d&rsquo;un accompagnement approfondi et d&rsquo;une \u00e9tude personnalis\u00e9e.<\/p>\n\n\n\n<h4><strong>III. Interventions ext\u00e9rieures sp\u00e9cifiques<\/strong><\/h4>\n\n\n\n<p>Ce dernier niveau d&rsquo;accompagnement consiste, dans le cadre des Maisons de la Paix, \u00e0 permettre&nbsp;une mise en relation avec des&nbsp;intervenants ext\u00e9rieurs sp\u00e9cifiques, dans le but d&rsquo;entamer une&nbsp;d\u00e9marche de conseil approfondie. Ces intervenants ext\u00e9rieurs peuvent \u00eatre b\u00e9n\u00e9voles, mais aussi&nbsp;non-b\u00e9n\u00e9voles avec l&rsquo;instauration d&rsquo;un partenariat entre les Maisons de la Paix et des professionnels volontaires. L&rsquo;objectif de ce partenariat est de permettre \u00e0 chacun de b\u00e9n\u00e9ficier des services de conseil d&rsquo;un professionnel \u00e0 co\u00fbt&nbsp;r\u00e9duit puisque mutualis\u00e9. Concr\u00e8tement, un&nbsp;professionnel d\u00e9livrera&nbsp;un service de&nbsp;conseil, mais ce seront plusieurs individus qui en profiteront et qui s&rsquo;en partageront le co\u00fbt.&nbsp;Il s&rsquo;agira, notamment, d&rsquo;avocats, de juristes, de notaires, d&rsquo;experts&nbsp;et&nbsp;autres sp\u00e9cialistes.<\/p>\n\n\n\n<h2>&nbsp;<\/h2>\n","protected":false},"excerpt":{"rendered":"<p>Une Maison de la Paix est avant tout une porte ouverte \u00e0 tous. Un lieu d&rsquo;accueil et de\u00a0tol\u00e9rance, d&rsquo;\u00e9coute et d&rsquo;\u00e9change, d&rsquo;accompagnement\u00a0et\u00a0d&rsquo;orientation.\u00a0\u00a0Un lieu\u00a0o\u00f9 quiconque peut trouver un interlocuteur attentif\u00a0et\u00a0impliqu\u00e9 \u00e0 m\u00eame d&rsquo;apporter une premi\u00e8re r\u00e9ponse, un conseil\u00a0ou\u00a0une orientation, dans un\u00a0cadre neutre et non institutionnel. Il s&rsquo;agit de constituer, par certains aspects, un\u00a0syndicat d&rsquo;initiatives social\u00a0: un lieu faisant office de case &hellip; <\/p>\n","protected":false},"author":1,"featured_media":0,"parent":263,"menu_order":0,"comment_status":"closed","ping_status":"closed","template":"","meta":{"ub_ctt_via":""},"featured_image_src":null,"uagb_featured_image_src":{"full":false,"thumbnail":false,"medium":false,"medium_large":false,"large":false,"1536x1536":false,"2048x2048":false,"ub-block-post-grid-landscape":false,"charity-care-donation-post":false,"charity-care-give":false,"benevolent-slider":false,"benevolent-community":false,"benevolent-blog":false,"benevolent-with-sidebar":false,"benevolent-without-sidebar":false,"benevolent-featured-post":false,"benevolent-recent-post":false,"benevolent-schema":false},"uagb_author_info":{"display_name":"B\u00e2tir la Paix","author_link":"https:\/\/www.batir-la-paix.fr\/index.php\/author\/admin6005\/"},"uagb_comment_info":0,"uagb_excerpt":"Une Maison de la Paix est avant tout une porte ouverte \u00e0 tous. Un lieu d&rsquo;accueil et de\u00a0tol\u00e9rance, d&rsquo;\u00e9coute et d&rsquo;\u00e9change, d&rsquo;accompagnement\u00a0et\u00a0d&rsquo;orientation.\u00a0\u00a0Un lieu\u00a0o\u00f9 quiconque peut trouver un interlocuteur attentif\u00a0et\u00a0impliqu\u00e9 \u00e0 m\u00eame d&rsquo;apporter une premi\u00e8re r\u00e9ponse, un conseil\u00a0ou\u00a0une orientation, dans un\u00a0cadre neutre et non institutionnel. Il s&rsquo;agit de constituer, par certains aspects, un\u00a0syndicat d&rsquo;initiatives social\u00a0: un\u2026","_links":{"self":[{"href":"https:\/\/www.batir-la-paix.fr\/index.php\/wp-json\/wp\/v2\/pages\/46"}],"collection":[{"href":"https:\/\/www.batir-la-paix.fr\/index.php\/wp-json\/wp\/v2\/pages"}],"about":[{"href":"https:\/\/www.batir-la-paix.fr\/index.php\/wp-json\/wp\/v2\/types\/page"}],"author":[{"embeddable":true,"href":"https:\/\/www.batir-la-paix.fr\/index.php\/wp-json\/wp\/v2\/users\/1"}],"replies":[{"embeddable":true,"href":"https:\/\/www.batir-la-paix.fr\/index.php\/wp-json\/wp\/v2\/comments?post=46"}],"version-history":[{"count":2,"href":"https:\/\/www.batir-la-paix.fr\/index.php\/wp-json\/wp\/v2\/pages\/46\/revisions"}],"predecessor-version":[{"id":1851,"href":"https:\/\/www.batir-la-paix.fr\/index.php\/wp-json\/wp\/v2\/pages\/46\/revisions\/1851"}],"up":[{"embeddable":true,"href":"https:\/\/www.batir-la-paix.fr\/index.php\/wp-json\/wp\/v2\/pages\/263"}],"wp:attachment":[{"href":"https:\/\/www.batir-la-paix.fr\/index.php\/wp-json\/wp\/v2\/media?parent=46"}],"curies":[{"name":"wp","href":"https:\/\/api.w.org\/{rel}","templated":true}]}}