{"id":263,"date":"2015-08-09T02:26:53","date_gmt":"2015-08-09T00:26:53","guid":{"rendered":"http:\/\/127.0.0.1\/serveur\/?page_id=263"},"modified":"2020-11-14T02:55:56","modified_gmt":"2020-11-14T01:55:56","slug":"presentation-maisons-de-la-paix","status":"publish","type":"page","link":"https:\/\/www.batir-la-paix.fr\/index.php\/presentation-maisons-de-la-paix\/","title":{"rendered":"Les Maisons de la Paix"},"content":{"rendered":"\n<p>En se pla\u00e7ant \u00e0 la fronti\u00e8re entre le service public et l\u2019action associative, les Maisons de la Paix doivent constituer autant de points d\u2019ancrage \u00e0 la soci\u00e9t\u00e9. En instituant des lieux permettant l\u2019accueil, l\u2019accompagnement et l\u2019orientation des personnes, des lieux donnant un acc\u00e8s \u00e0 l\u2019information, la culture et l\u2019\u00e9ducation, et d\u00e9mocratisant un mod\u00e8le de soci\u00e9t\u00e9 bas\u00e9 sur la tol\u00e9rance, le respect et le dialogue ; il s&rsquo;agit de favoriser&nbsp;sp\u00e9cifiquement l\u2019<em>int\u00e9gration<\/em>&nbsp;des individus dans la soci\u00e9t\u00e9.<\/p>\n\n\n\n<p>B\u00e2ties sur un&nbsp;<em>concept&nbsp;<\/em>commun, ces maisons et relais doivent permettre de r\u00e9unir, en un m\u00eame lieu, un ensemble de dispositifs&nbsp;offrant la possibilit\u00e9 d\u2019agir sur&nbsp;trois axes fondamentaux et indissociables :<\/p>\n\n\n\n<ul><li><a href=\"https:\/\/www.batir-la-paix.fr\/index.php\/presentation-maisons-de-la-paix\/un-lieu-dentraide\/\">L\u2019accueil, l\u2019accompagnement&nbsp;et l\u2019orientation<\/a><\/li><li><a href=\"https:\/\/www.batir-la-paix.fr\/index.php\/presentation-maisons-de-la-paix\/un-espace-de-vie-pour-favoriser-les-echanges-inter-culturels\/\">L\u2019information, la culture et l\u2019\u00e9ducation<\/a><\/li><li><a href=\"https:\/\/www.batir-la-paix.fr\/index.php\/presentation-maisons-de-la-paix\/un-lieu-de-cohesion-sociale\/\">La rencontre et le rassemblement<\/a><\/li><\/ul>\n\n\n\n<p>L\u2019objectif \u00e9tant de cr\u00e9er des lieux :<\/p>\n\n\n\n<ul><li>offrant des outils favorisant l\u2019insertion et l\u2019\u00e9volution concr\u00e8te des&nbsp;individus dans le circuit d\u2019int\u00e9gration, et&nbsp;permettant de&nbsp;valoriser et p\u00e9renniser le fruit de ce&nbsp;travail d\u2019int\u00e9gration par le biais&nbsp;d\u2019une offre culturelle,&nbsp;\u00e9ducative et f\u00e9d\u00e9ratrice se voulant \u00e0 forte valeur ajout\u00e9e,<\/li><li>permettant de promouvoir et rendre accessible un mod\u00e8le de soci\u00e9t\u00e9 solidaire bas\u00e9 sur les valeurs de la R\u00e9publique o\u00f9 la tol\u00e9rance, le respect et le dialogue ont une place centrale.<\/li><\/ul>\n\n\n\n<p>Pour r\u00e9aliser leurs\u00a0objectifs,\u00a0les Maisons de la Paix veulent proposer\u00a0un sch\u00e9ma de maisons con\u00e7ues pour favoriser l\u2019ouverture aux autres, l\u2019\u00e9change et le dialogue, et\u00a0organis\u00e9es autour de cinq pi\u00e8ces cl\u00e9s \u00e0 m\u00eame d\u2019offrir une r\u00e9ponse aux probl\u00e9matiques de fond autant\u00a0qu\u2019aux diverses sources de violences quotidiennes et ordinaires.<\/p>\n\n\n\n<div style=\"height:30px\" aria-hidden=\"true\" class=\"wp-block-spacer\"><\/div>\n\n\n\n<div class=\"wp-block-image\"><figure class=\"aligncenter is-resized\"><img loading=\"lazy\" src=\"https:\/\/www.batir-la-paix.fr\/wp-content\/uploads\/2015\/08\/ensemble1.jpg\" alt=\"\" class=\"wp-image-649\" width=\"467\" height=\"324\" srcset=\"https:\/\/www.batir-la-paix.fr\/wp-content\/uploads\/2015\/08\/ensemble1.jpg 933w, https:\/\/www.batir-la-paix.fr\/wp-content\/uploads\/2015\/08\/ensemble1-300x208.jpg 300w, https:\/\/www.batir-la-paix.fr\/wp-content\/uploads\/2015\/08\/ensemble1-768x533.jpg 768w\" sizes=\"(max-width: 467px) 100vw, 467px\" \/><\/figure><\/div>\n\n\n\n<ol><li>Salle d&rsquo;accueil<\/li><li>Biblioth\u00e8que &#8211; m\u00e9diath\u00e8que<\/li><li>Lieu de silence<\/li><li>Salle d&rsquo;ateliers<\/li><li>Salle polyvalente<\/li><\/ol>\n","protected":false},"excerpt":{"rendered":"<p>En se pla\u00e7ant \u00e0 la fronti\u00e8re entre le service public et l\u2019action associative, les Maisons de la Paix doivent constituer autant de points d\u2019ancrage \u00e0 la soci\u00e9t\u00e9. En instituant des lieux permettant l\u2019accueil, l\u2019accompagnement et l\u2019orientation des personnes, des lieux donnant un acc\u00e8s \u00e0 l\u2019information, la culture et l\u2019\u00e9ducation, et d\u00e9mocratisant un mod\u00e8le de soci\u00e9t\u00e9 bas\u00e9 sur la tol\u00e9rance, le &hellip; <\/p>\n","protected":false},"author":1,"featured_media":0,"parent":0,"menu_order":0,"comment_status":"closed","ping_status":"closed","template":"","meta":{"ub_ctt_via":""},"featured_image_src":null,"uagb_featured_image_src":{"full":false,"thumbnail":false,"medium":false,"medium_large":false,"large":false,"1536x1536":false,"2048x2048":false,"ub-block-post-grid-landscape":false,"charity-care-donation-post":false,"charity-care-give":false,"benevolent-slider":false,"benevolent-community":false,"benevolent-blog":false,"benevolent-with-sidebar":false,"benevolent-without-sidebar":false,"benevolent-featured-post":false,"benevolent-recent-post":false,"benevolent-schema":false},"uagb_author_info":{"display_name":"B\u00e2tir la Paix","author_link":"https:\/\/www.batir-la-paix.fr\/index.php\/author\/admin6005\/"},"uagb_comment_info":0,"uagb_excerpt":"En se pla\u00e7ant \u00e0 la fronti\u00e8re entre le service public et l\u2019action associative, les Maisons de la Paix doivent constituer autant de points d\u2019ancrage \u00e0 la soci\u00e9t\u00e9. En instituant des lieux permettant l\u2019accueil, l\u2019accompagnement et l\u2019orientation des personnes, des lieux donnant un acc\u00e8s \u00e0 l\u2019information, la culture et l\u2019\u00e9ducation, et d\u00e9mocratisant un mod\u00e8le de soci\u00e9t\u00e9\u2026","_links":{"self":[{"href":"https:\/\/www.batir-la-paix.fr\/index.php\/wp-json\/wp\/v2\/pages\/263"}],"collection":[{"href":"https:\/\/www.batir-la-paix.fr\/index.php\/wp-json\/wp\/v2\/pages"}],"about":[{"href":"https:\/\/www.batir-la-paix.fr\/index.php\/wp-json\/wp\/v2\/types\/page"}],"author":[{"embeddable":true,"href":"https:\/\/www.batir-la-paix.fr\/index.php\/wp-json\/wp\/v2\/users\/1"}],"replies":[{"embeddable":true,"href":"https:\/\/www.batir-la-paix.fr\/index.php\/wp-json\/wp\/v2\/comments?post=263"}],"version-history":[{"count":9,"href":"https:\/\/www.batir-la-paix.fr\/index.php\/wp-json\/wp\/v2\/pages\/263\/revisions"}],"predecessor-version":[{"id":1871,"href":"https:\/\/www.batir-la-paix.fr\/index.php\/wp-json\/wp\/v2\/pages\/263\/revisions\/1871"}],"wp:attachment":[{"href":"https:\/\/www.batir-la-paix.fr\/index.php\/wp-json\/wp\/v2\/media?parent=263"}],"curies":[{"name":"wp","href":"https:\/\/api.w.org\/{rel}","templated":true}]}}