{"id":2012,"date":"2021-04-03T00:06:43","date_gmt":"2021-04-02T22:06:43","guid":{"rendered":"https:\/\/www.batir-la-paix.fr\/?page_id=2012"},"modified":"2021-04-03T00:14:12","modified_gmt":"2021-04-02T22:14:12","slug":"ruralite-lepuisante-debrouille","status":"publish","type":"page","link":"https:\/\/www.batir-la-paix.fr\/index.php\/un-reseau-pour-la-paix\/rejoindre-le-reseau\/lexemple-de-honnecourt-sur-escaut\/ruralite-lepuisante-debrouille\/","title":{"rendered":"Ruralit\u00e9, l&rsquo;\u00e9puisante d\u00e9brouille"},"content":{"rendered":"\n<p>Honnecourt-sur-Escaut est un petit village de huit cents \u00e2mes aux portes de Cambrai, dans le Nord. Il est pareil \u00e0 tant d\u2019autres, meurtri par la d\u00e9sertification rurale, village-dortoir pour certains, village de coeur pour d\u2019autres, les Anciens, qui vivotent comme ils peuvent au beau milieu d\u2019une campagne d\u00e9vast\u00e9e par les crises successives. Il n\u2019y aurait pas grand-chose \u00e0 en dire s\u2019il n\u2019y avait Jean-Pierre Golebiewski, maire courageux et d\u00e9vou\u00e9, qui tente \u00e0 toute force de faire d\u2019Honnecourt-sur-Escaut un espace de vie, en b\u00e2tissant un r\u00e9seau d\u2019entraide qui viendrait au secours de tous ceux qui seraient dans le besoin. C\u2019est le projet d\u2019une existence, et Jean-Pierre s\u2019y attelle avec d\u00e9termination. Pour lui, pas de politique sans action sociale, sans main tendue ; au diable les partis, \u00e0 Honnecourt-sur-Escaut, on est de celui du coeur.<\/p>\n\n\n\n<p>Je connais bien la ruralit\u00e9 pour y avoir r\u00e9sid\u00e9 quinze ans durant, \u00e0 Cartigny, petit bourg de la Somme \u00e0 c\u00f4t\u00e9 de P\u00e9ronne. Philippe, le maire du coin, est \u00e0 l\u2019image de Jean-Pierre, un caract\u00e8re bien tremp\u00e9 et d\u2019un d\u00e9vouement sans faille. Travailler pour son prochain, chercher, toujours, \u00e0 faire mieux pour l\u2019autre, \u00e0 construire, \u00e0 b\u00e2tir, \u00e0 d\u00e9velopper. Un commerce par ici, une maison m\u00e9dicale par-l\u00e0, un bistrot quand c\u2019est possible, une salle des f\u00eates o\u00f9 l\u2019on peut c\u00e9l\u00e9brer son mariage, une communion, avec la vaisselle pr\u00eat\u00e9e par la commune. On de s\u2019entraider, de vivre ensemble, dans ce qu\u2019il demeure de solidarit\u00e9 villageoise.<\/p>\n\n\n\n<p>Reste le mille-feuille administratif, cet embo\u00eetement \u00e9trange de responsabilit\u00e9s dilu\u00e9es du plus petit au plus grand. Honnecourt fait partie de la Communaut\u00e9 d\u2019Agglom\u00e9ration de Cambrai. \u00c0 ce titre, le village est noy\u00e9 dans cet agr\u00e9gat de bourgs et d\u2019une ville de 33 000 habitants. Autant dire que la voix de Jean-Pierre n\u2019y porte gu\u00e8re, m\u00eame s\u2019il a le verbe haut et fort. Son amertume d\u2019avoir le sentiment de ne pas \u00eatre entendu, il la brandit comme un \u00e9tendard, l\u2019\u00e9tendard de sa ruralit\u00e9 face aux urbains qui n\u2019y comprennent rien, lui qui s\u2019est fait tout seul et qui se perd dans l\u2019oc\u00e9an de formulaires qu\u2019on lui demande de remplir pour chaque projet qu\u2019il initie.<\/p>\n\n\n\n<p>Voil\u00e0 l\u2019image moderne de notre pays : un d\u00e9sert sem\u00e9 de villes imposantes qui aspirent population, subventions, politiques publiques. On viendra me dire que j\u2019exag\u00e8re ; il suffit pourtant de faire quelques dizaines de kilom\u00e8tres dans les campagnes fran\u00e7aises pour saisir ce que vit la ruralit\u00e9. Villages d\u00e9sert\u00e9s, sans service de proximit\u00e9, sans commerce, aux habitants esseul\u00e9s et appauvris. La fameuse \u00ab diagonale du vide \u00bb, cette \u00ab France p\u00e9riph\u00e9rique \u00bb si bien d\u00e9crite par Christophe Guilluy en 2014 dans son ouvrage \u00e9ponyme. Jean-Pierre, lui, ne lit pas ce genre d\u2019ouvrage ; il vit simplement la situation sans en conna\u00eetre les tenants et aboutissants rh\u00e9toriques. Il se d\u00e9m\u00e8ne pour rendre son coin de campagne le plus attrayant possible ; il fourmille de projets en tout genre, des plus originaux \u2014 une p\u00e9niche sur l\u2019Escaut pour relier les villages riverains entre eux \u2014 aux plus classiques \u2014 la maison m\u00e9dicale qui ram\u00e8nera un peu d\u2019activit\u00e9 au \u00ab centre-ville \u00bb. Il veut aussi y c\u00e9l\u00e9brer Villard de Honnecourt, dont les parchemins r\u00e9alis\u00e9s au XIIIe si\u00e8cle sont l\u2019un des tr\u00e9sors des Archives nationales ; \u00e0 l\u2019image d\u2019un L\u00e9onard de Vinci des campagnes, Villard a imagin\u00e9 et d\u00e9crit moult machines de tout acabit, que Jean-Pierre s\u2019emploie patiemment \u00e0 reconstituer. Il en constelle les rues d\u2019Honnecourt, pour en faire un village mus\u00e9e qui attirerait les urbains d\u2019\u00e0-c\u00f4t\u00e9.<\/p>\n\n\n\n<p>En d\u00e9pit de son \u00e9nergie d\u00e9bordante, Jean-Pierre n\u2019est pas sans avoir une certaine nostalgie d\u2019un temps qui n\u2019est plus, qui ne reviendra pas. Il souhaite simplement maintenir un peu de vie, un peu d\u2019espoir pour ses administr\u00e9s, un peu de chaleur humaine pour ceux qui ont en tant besoin. Oui, la ruralit\u00e9 est malade, d\u2019une affection grave et mortelle. La col\u00e8re qui y gronde, le d\u00e9sarroi qui s\u2019y d\u00e9veloppe s\u00e8ment les graines d\u2019une r\u00e9volte \u00e0 venir dont les effets pr\u00e9visibles font froid dans le dos. Pouss\u00e9es du populisme en tout genre, d\u00e9rives extr\u00eames, nos campagnes sont au bord de l\u2019implosion ; restent tous les Jean-Pierre du monde, qui tente intens\u00e9ment de changer les choses. Mais c\u2019est \u00e0 nous, urbains et nantis, de saisir la mesure du danger et de nous atteler \u00e0 revitaliser, vivifier la ruralit\u00e9 fran\u00e7aise. Alors, Jean-Pierre pourra enfin entamer, heureux, une retraite bien m\u00e9rit\u00e9e, cultiver son potager, p\u00eacher peut-\u00eatre, et prendre le temps de vivre.<\/p>\n\n\n\n<p><strong>Guillaume de Fonclare<\/strong> &#8211; <em>La Croix<\/em> &#8211; Mars 2021<\/p>\n","protected":false},"excerpt":{"rendered":"<p>Honnecourt-sur-Escaut est un petit village de huit cents \u00e2mes aux portes de Cambrai, dans le Nord. Il est pareil \u00e0 tant d\u2019autres, meurtri par la d\u00e9sertification rurale, village-dortoir pour certains, village de coeur pour d\u2019autres, les Anciens, qui vivotent comme ils peuvent au beau milieu d\u2019une campagne d\u00e9vast\u00e9e par les crises successives. Il n\u2019y aurait pas grand-chose \u00e0 en dire &hellip; <\/p>\n","protected":false},"author":1,"featured_media":0,"parent":1948,"menu_order":0,"comment_status":"closed","ping_status":"closed","template":"","meta":{"ub_ctt_via":""},"featured_image_src":null,"uagb_featured_image_src":{"full":false,"thumbnail":false,"medium":false,"medium_large":false,"large":false,"1536x1536":false,"2048x2048":false,"ub-block-post-grid-landscape":false,"charity-care-donation-post":false,"charity-care-give":false,"benevolent-slider":false,"benevolent-community":false,"benevolent-blog":false,"benevolent-with-sidebar":false,"benevolent-without-sidebar":false,"benevolent-featured-post":false,"benevolent-recent-post":false,"benevolent-schema":false},"uagb_author_info":{"display_name":"B\u00e2tir la Paix","author_link":"https:\/\/www.batir-la-paix.fr\/index.php\/author\/admin6005\/"},"uagb_comment_info":0,"uagb_excerpt":"Honnecourt-sur-Escaut est un petit village de huit cents \u00e2mes aux portes de Cambrai, dans le Nord. Il est pareil \u00e0 tant d\u2019autres, meurtri par la d\u00e9sertification rurale, village-dortoir pour certains, village de coeur pour d\u2019autres, les Anciens, qui vivotent comme ils peuvent au beau milieu d\u2019une campagne d\u00e9vast\u00e9e par les crises successives. Il n\u2019y aurait\u2026","_links":{"self":[{"href":"https:\/\/www.batir-la-paix.fr\/index.php\/wp-json\/wp\/v2\/pages\/2012"}],"collection":[{"href":"https:\/\/www.batir-la-paix.fr\/index.php\/wp-json\/wp\/v2\/pages"}],"about":[{"href":"https:\/\/www.batir-la-paix.fr\/index.php\/wp-json\/wp\/v2\/types\/page"}],"author":[{"embeddable":true,"href":"https:\/\/www.batir-la-paix.fr\/index.php\/wp-json\/wp\/v2\/users\/1"}],"replies":[{"embeddable":true,"href":"https:\/\/www.batir-la-paix.fr\/index.php\/wp-json\/wp\/v2\/comments?post=2012"}],"version-history":[{"count":2,"href":"https:\/\/www.batir-la-paix.fr\/index.php\/wp-json\/wp\/v2\/pages\/2012\/revisions"}],"predecessor-version":[{"id":2015,"href":"https:\/\/www.batir-la-paix.fr\/index.php\/wp-json\/wp\/v2\/pages\/2012\/revisions\/2015"}],"up":[{"embeddable":true,"href":"https:\/\/www.batir-la-paix.fr\/index.php\/wp-json\/wp\/v2\/pages\/1948"}],"wp:attachment":[{"href":"https:\/\/www.batir-la-paix.fr\/index.php\/wp-json\/wp\/v2\/media?parent=2012"}],"curies":[{"name":"wp","href":"https:\/\/api.w.org\/{rel}","templated":true}]}}