{"id":1948,"date":"2021-01-28T23:49:12","date_gmt":"2021-01-28T22:49:12","guid":{"rendered":"https:\/\/www.batir-la-paix.fr\/?page_id=1948"},"modified":"2021-04-03T00:16:09","modified_gmt":"2021-04-02T22:16:09","slug":"lexemple-de-honnecourt-sur-escaut","status":"publish","type":"page","link":"https:\/\/www.batir-la-paix.fr\/index.php\/un-reseau-pour-la-paix\/rejoindre-le-reseau\/lexemple-de-honnecourt-sur-escaut\/","title":{"rendered":"L&rsquo;exemple de Honnecourt sur Escaut"},"content":{"rendered":"\n<p><strong>1 &#8211;<\/strong> Bruno vient habiter \u00e0 Honnecourt. Il s&rsquo;aper\u00e7oit que le village a perdu son rayonnement initial. Adh\u00e9rant \u00e0 l&rsquo;association B\u00e2tir la Paix et ayant tiss\u00e9 <strong>des liens d&rsquo;amiti\u00e9<\/strong> avec nous , il nous pr\u00e9vient.<\/p>\n\n\n\n<p><strong>2 &#8211;<\/strong> Bruno rencontre le Maire, Jean Pierre, pour lui faire connaitre le projet des maisons de la paix<\/p>\n\n\n\n<p><strong>3 &#8211;<\/strong> Jean Pierre invite Bruno \u00e0 une r\u00e9union du Conseil Municipal afin qu&rsquo;il pr\u00e9sente le projet.<\/p>\n\n\n\n<p><strong>4 &#8211;<\/strong> Apr\u00e8s acquiescement du Maire et de son Conseil Municipal il y a proposition d&rsquo;un<strong> local<\/strong> abritant les activit\u00e9s d&rsquo;une maison de la paix en relation avec la situation du village.<\/p>\n\n\n\n<p>Il s&rsquo;av\u00e8re qu&rsquo; Honnecourt (priv\u00e9 de sa poste depuis plusieurs mois) doit faire face \u00e0 une situation difficile et se reconnecter aux villages qui l&rsquo;entourent. Il s&rsquo;agit donc de faire <strong>le recensement des<\/strong> <strong>activit\u00e9s interrompues<\/strong> qui \u00e9taient des source de revenus financiers et d&rsquo;\u00e9changes culturels fructueux.<\/p>\n\n\n\n<p>Il faut donc:<\/p>\n\n\n\n<ul><li>refaire vivre la circulation des p\u00e9niches qui assuraient sur l&rsquo;Escaut les liaisons avec les villages alentours.<\/li><li>retrouver son statut de village \u00e9tape vers Saint Jacques de Compostelle et ainsi le relier, comme autrefois, \u00e0 la ville de Cambrai.<\/li><li>renouer avec l&rsquo;Abbaye de Vaucelles, devenue centre culturel pour recr\u00e9er un circuit touristique par la route et faire revivre la tradition des march\u00e9s aux fleurs qui servaient \u00e0 \u00e9gayer les berges de l&rsquo;Escaut.<\/li><li>r\u00e9pondre aux besoins de l&rsquo;\u00e9cole primaire en cr\u00e9ant une biblioth\u00e8que pour enfants.<\/li><\/ul>\n\n\n\n<p>Cette biblioth\u00e8que \u00e9largie aux adultes, permettrait de faire d\u00e9couvrir la riche histoire du village, de susciter parall\u00e8lement la cr\u00e9ation d&rsquo;un petit mus\u00e9e qui exposerait du mat\u00e9riel agricole ancien et d&rsquo;une tr\u00e8s belle facture artisanale.<\/p>\n\n\n\n<p>En faisant revivre toutes ces activit\u00e9s on voit clairement comment il est \u00e0 la fois possible de soutenir l&rsquo;\u00e9conomie d&rsquo;un village mais aussi de lui redonner espoir et dignit\u00e9 en faisant de lui un village B\u00e2tisseur de Paix.<\/p>\n","protected":false},"excerpt":{"rendered":"<p>1 &#8211; Bruno vient habiter \u00e0 Honnecourt. Il s&rsquo;aper\u00e7oit que le village a perdu son rayonnement initial. Adh\u00e9rant \u00e0 l&rsquo;association B\u00e2tir la Paix et ayant tiss\u00e9 des liens d&rsquo;amiti\u00e9 avec nous , il nous pr\u00e9vient. 2 &#8211; Bruno rencontre le Maire, Jean Pierre, pour lui faire connaitre le projet des maisons de la paix 3 &#8211; Jean Pierre invite Bruno &hellip; <\/p>\n","protected":false},"author":1,"featured_media":0,"parent":1342,"menu_order":0,"comment_status":"closed","ping_status":"closed","template":"","meta":{"ub_ctt_via":""},"featured_image_src":null,"uagb_featured_image_src":{"full":false,"thumbnail":false,"medium":false,"medium_large":false,"large":false,"1536x1536":false,"2048x2048":false,"ub-block-post-grid-landscape":false,"charity-care-donation-post":false,"charity-care-give":false,"benevolent-slider":false,"benevolent-community":false,"benevolent-blog":false,"benevolent-with-sidebar":false,"benevolent-without-sidebar":false,"benevolent-featured-post":false,"benevolent-recent-post":false,"benevolent-schema":false},"uagb_author_info":{"display_name":"B\u00e2tir la Paix","author_link":"https:\/\/www.batir-la-paix.fr\/index.php\/author\/admin6005\/"},"uagb_comment_info":0,"uagb_excerpt":"1 &#8211; Bruno vient habiter \u00e0 Honnecourt. Il s&rsquo;aper\u00e7oit que le village a perdu son rayonnement initial. Adh\u00e9rant \u00e0 l&rsquo;association B\u00e2tir la Paix et ayant tiss\u00e9 des liens d&rsquo;amiti\u00e9 avec nous , il nous pr\u00e9vient. 2 &#8211; Bruno rencontre le Maire, Jean Pierre, pour lui faire connaitre le projet des maisons de la paix 3\u2026","_links":{"self":[{"href":"https:\/\/www.batir-la-paix.fr\/index.php\/wp-json\/wp\/v2\/pages\/1948"}],"collection":[{"href":"https:\/\/www.batir-la-paix.fr\/index.php\/wp-json\/wp\/v2\/pages"}],"about":[{"href":"https:\/\/www.batir-la-paix.fr\/index.php\/wp-json\/wp\/v2\/types\/page"}],"author":[{"embeddable":true,"href":"https:\/\/www.batir-la-paix.fr\/index.php\/wp-json\/wp\/v2\/users\/1"}],"replies":[{"embeddable":true,"href":"https:\/\/www.batir-la-paix.fr\/index.php\/wp-json\/wp\/v2\/comments?post=1948"}],"version-history":[{"count":2,"href":"https:\/\/www.batir-la-paix.fr\/index.php\/wp-json\/wp\/v2\/pages\/1948\/revisions"}],"predecessor-version":[{"id":1960,"href":"https:\/\/www.batir-la-paix.fr\/index.php\/wp-json\/wp\/v2\/pages\/1948\/revisions\/1960"}],"up":[{"embeddable":true,"href":"https:\/\/www.batir-la-paix.fr\/index.php\/wp-json\/wp\/v2\/pages\/1342"}],"wp:attachment":[{"href":"https:\/\/www.batir-la-paix.fr\/index.php\/wp-json\/wp\/v2\/media?parent=1948"}],"curies":[{"name":"wp","href":"https:\/\/api.w.org\/{rel}","templated":true}]}}