{"id":1946,"date":"2021-01-28T23:46:48","date_gmt":"2021-01-28T22:46:48","guid":{"rendered":"https:\/\/www.batir-la-paix.fr\/?page_id=1946"},"modified":"2021-01-29T00:15:23","modified_gmt":"2021-01-28T23:15:23","slug":"agir-pour-implanter-une-maison-de-la-paix","status":"publish","type":"page","link":"https:\/\/www.batir-la-paix.fr\/index.php\/un-reseau-pour-la-paix\/agir-pour-implanter-une-maison-de-la-paix\/","title":{"rendered":"Agir pour implanter une Maison de la Paix"},"content":{"rendered":"\n<p>Vous souhaitez nous aider \u00e0 implanter une maison?<br>Vous \u00eates les bienvenus. Voici quelques \u00e9tapes pour vous associer \u00e0 notre action :<\/p>\n\n\n\n<p><strong>1 &#8211;<\/strong> Contacter le si\u00e8ge social de l&rsquo;association B\u00e2tir la Paix au 03.44.57.17.43 ou adresser un mail sur le site https:\/\/www.batir-la-paix.fr afin de joindre Marie Pierre Oudin qui transmettra votre demande \u00e0 l&rsquo;ensemble des membres du bureau ce qui permettra de vous accompagner tout au long de votre d\u00e9marche.<\/p>\n\n\n\n<p><strong>2 &#8211;<\/strong> Se mettre en relation avec la Mairie de la localit\u00e9.<\/p>\n\n\n\n<p><strong>3 &#8211;<\/strong> Faire le recensement avec le Maire (ou ses adjoints) de toutes les activit\u00e9s administratives, sociales, caritatives \u2026existantes ou ayant exist\u00e9 qui permettront ou re-permettront de donner un surcro\u00eet de vie \u00e0 la commune, au village, au hameau, au quartier.<\/p>\n\n\n\n<p><strong>4 &#8211;<\/strong> Constituer une \u00e9quipe (4 ou 5 personnes) qui a pour mission d&rsquo;harmoniser les demandes ou les besoins propres \u00e0 la localit\u00e9 avec les propositions des Maisons de la Paix qui sont les suivantes :<\/p>\n\n\n\n<ul><li><strong>Accueil social et \u00e9conomique<\/strong> destin\u00e9 \u00e0 \u00e9couter et accompagner les demandes d&rsquo;ordre sanitaire, social et administratif afin de diriger la personne vers les structures ad\u00e9quates (offre d&#8217;emploi, protection de l&rsquo;enfance, services sociaux en g\u00e9n\u00e9ral, etc\u2026..)<\/li><li><strong>Activit\u00e9s culturelles<\/strong> (acc\u00e8s \u00e0 la biblioth\u00e8que, soutien scolaire, travail artisanal..)<\/li><li><strong>Des rencontres<\/strong> sous forme de d\u00e9bats, de r\u00e9unions conviviales et d&rsquo;animations (th\u00e9\u00e2tre, exposition\u2026)<\/li><\/ul>\n\n\n\n<p><strong>A noter :<\/strong> il faut privil\u00e9gier selon les besoins locaux, telle ou telle proposition faite par les Maisons de la Paix.<br>Il n&rsquo;est pas n\u00e9cessaire, dans un premier temps, de r\u00e9pondre \u00e0 tous les objectifs.<br>Il est souhaitable, cependant, d&rsquo;envisager \u00e0 moyen terme de faire exister toutes les activit\u00e9s propos\u00e9es par les Maisons afin de respecter la coh\u00e9rence du projet dans sa totalit\u00e9.<\/p>\n\n\n\n<p><strong>5 &#8211;<\/strong> Avec l&rsquo;accord de la Mairie demander un local.<\/p>\n\n\n\n<p>Id\u00e9alement, ce serait un espace d\u00e9j\u00e0 am\u00e9nag\u00e9 ou \u00e0 r\u00e9am\u00e9nager avec une superficie susceptible de recevoir les 5 pi\u00e8ces.<br>Si cela n&rsquo;est pas possible dans l&rsquo;imm\u00e9diat, demander un local plus r\u00e9duit appel\u00e9 Maison Relais pour y avoir une antenne, se rendre visible et nouer des liens avec les habitants de la localit\u00e9.<\/p>\n\n\n\n<p>Si le local est simplement \u00e0 am\u00e9nager il est souhaitable de penser aux jeunes pour un \u00ab\u00a0coup de main\u00a0\u00bb pendant les temps de loisirs ou les temps de vacances.<br>C&rsquo;est une mani\u00e8re de constituer des groupes de rencontre entre jeunes (\u00e9ventuellement rencontres europ\u00e9ennes) mais aussi avec les plus \u00e2g\u00e9s.<\/p>\n\n\n\n<p>Si le local exige des travaux plus importants : ma\u00e7onnerie, plomberie, etc\u2026 les professionnels sollicit\u00e9s peuvent cr\u00e9er des chantiers de formation professionnelle.<\/p>\n","protected":false},"excerpt":{"rendered":"<p>Vous souhaitez nous aider \u00e0 implanter une maison?Vous \u00eates les bienvenus. Voici quelques \u00e9tapes pour vous associer \u00e0 notre action : 1 &#8211; Contacter le si\u00e8ge social de l&rsquo;association B\u00e2tir la Paix au 03.44.57.17.43 ou adresser un mail sur le site https:\/\/www.batir-la-paix.fr afin de joindre Marie Pierre Oudin qui transmettra votre demande \u00e0 l&rsquo;ensemble des membres du bureau ce qui &hellip; <\/p>\n","protected":false},"author":1,"featured_media":0,"parent":1295,"menu_order":0,"comment_status":"closed","ping_status":"closed","template":"","meta":{"ub_ctt_via":""},"featured_image_src":null,"uagb_featured_image_src":{"full":false,"thumbnail":false,"medium":false,"medium_large":false,"large":false,"1536x1536":false,"2048x2048":false,"ub-block-post-grid-landscape":false,"charity-care-donation-post":false,"charity-care-give":false,"benevolent-slider":false,"benevolent-community":false,"benevolent-blog":false,"benevolent-with-sidebar":false,"benevolent-without-sidebar":false,"benevolent-featured-post":false,"benevolent-recent-post":false,"benevolent-schema":false},"uagb_author_info":{"display_name":"B\u00e2tir la Paix","author_link":"https:\/\/www.batir-la-paix.fr\/index.php\/author\/admin6005\/"},"uagb_comment_info":0,"uagb_excerpt":"Vous souhaitez nous aider \u00e0 implanter une maison?Vous \u00eates les bienvenus. Voici quelques \u00e9tapes pour vous associer \u00e0 notre action : 1 &#8211; Contacter le si\u00e8ge social de l&rsquo;association B\u00e2tir la Paix au 03.44.57.17.43 ou adresser un mail sur le site https:\/\/www.batir-la-paix.fr afin de joindre Marie Pierre Oudin qui transmettra votre demande \u00e0 l&rsquo;ensemble des\u2026","_links":{"self":[{"href":"https:\/\/www.batir-la-paix.fr\/index.php\/wp-json\/wp\/v2\/pages\/1946"}],"collection":[{"href":"https:\/\/www.batir-la-paix.fr\/index.php\/wp-json\/wp\/v2\/pages"}],"about":[{"href":"https:\/\/www.batir-la-paix.fr\/index.php\/wp-json\/wp\/v2\/types\/page"}],"author":[{"embeddable":true,"href":"https:\/\/www.batir-la-paix.fr\/index.php\/wp-json\/wp\/v2\/users\/1"}],"replies":[{"embeddable":true,"href":"https:\/\/www.batir-la-paix.fr\/index.php\/wp-json\/wp\/v2\/comments?post=1946"}],"version-history":[{"count":5,"href":"https:\/\/www.batir-la-paix.fr\/index.php\/wp-json\/wp\/v2\/pages\/1946\/revisions"}],"predecessor-version":[{"id":1958,"href":"https:\/\/www.batir-la-paix.fr\/index.php\/wp-json\/wp\/v2\/pages\/1946\/revisions\/1958"}],"up":[{"embeddable":true,"href":"https:\/\/www.batir-la-paix.fr\/index.php\/wp-json\/wp\/v2\/pages\/1295"}],"wp:attachment":[{"href":"https:\/\/www.batir-la-paix.fr\/index.php\/wp-json\/wp\/v2\/media?parent=1946"}],"curies":[{"name":"wp","href":"https:\/\/api.w.org\/{rel}","templated":true}]}}