{"id":1914,"date":"2021-01-08T00:47:59","date_gmt":"2021-01-07T23:47:59","guid":{"rendered":"https:\/\/www.batir-la-paix.fr\/?page_id=1914"},"modified":"2021-02-22T16:44:08","modified_gmt":"2021-02-22T15:44:08","slug":"bureau-de-l-association-batir-la-paix","status":"publish","type":"page","link":"https:\/\/www.batir-la-paix.fr\/index.php\/bureau-de-l-association-batir-la-paix\/","title":{"rendered":"Membres du bureau"},"content":{"rendered":"<div class=\"wp-block-ub-testimonial\">\n    <div class=\"ub_testimonial\" id=\"ub_testimonial_f5266731-4cd6-455d-9e7a-d44d04166314\">\n        <div class=\"ub_testimonial_img\">\n            <img loading=\"lazy\" src=\"https:\/\/www.batir-la-paix.fr\/wp-content\/uploads\/2021\/01\/mpo.jpg\" alt=\"\" height=\"100\" width=\"100\">\n        <\/div>\n        <div class=\"ub_testimonial_content\">\n            <p class=\"ub_testimonial_text\"><strong>Marie-Pierre Oudin<br><\/strong>Pr\u00e9sidente de l&rsquo;association<\/p>\n        <\/div>\n        <div class=\"ub_testimonial_sign\">\n            <p class=\"ub_testimonial_author\">Professeur en retraite &#8211; 73 ans<\/p>\n            <p class=\"ub_testimonial_author_role\"><\/p>\n        <\/div>\n    <\/div>\n<\/div>\n\n<div class=\"wp-block-ub-testimonial\">\n    <div class=\"ub_testimonial\" id=\"ub_testimonial_d61f6326-66fe-4afe-8451-4d2b11ebce51\">\n        <div class=\"ub_testimonial_img\">\n            <img loading=\"lazy\" src=\"https:\/\/www.batir-la-paix.fr\/wp-content\/uploads\/2021\/01\/gc.jpg\" alt=\"\" height=\"100\" width=\"100\">\n        <\/div>\n        <div class=\"ub_testimonial_content\">\n            <p class=\"ub_testimonial_text\"><strong>Ga\u00eblle Cheriaux<br><\/strong>Tr\u00e9sori\u00e8re de l&rsquo;association<\/p>\n        <\/div>\n        <div class=\"ub_testimonial_sign\">\n            <p class=\"ub_testimonial_author\">Attach\u00e9e de d\u00e9veloppement au Palais de Tokyo \u00e0 Paris &#8211; 26 ans<\/p>\n            <p class=\"ub_testimonial_author_role\"><\/p>\n        <\/div>\n    <\/div>\n<\/div>\n\n<div class=\"wp-block-ub-testimonial\">\n    <div class=\"ub_testimonial\" id=\"ub_testimonial_a6c51c18-a56a-4de4-bcfc-9355e5800761\">\n        <div class=\"ub_testimonial_img\">\n            <img loading=\"lazy\" src=\"https:\/\/www.batir-la-paix.fr\/wp-content\/uploads\/2021\/01\/vlafeuille.jpg\" alt=\"\" height=\"100\" width=\"100\">\n        <\/div>\n        <div class=\"ub_testimonial_content\">\n            <p class=\"ub_testimonial_text\"><strong>Val\u00e9rie Lafeuille<br><\/strong>Secr\u00e9taire de l&rsquo;association<\/p>\n        <\/div>\n        <div class=\"ub_testimonial_sign\">\n            <p class=\"ub_testimonial_author\">Directrice des plannings du personnel navigant &#8211; 56 ans<\/p>\n            <p class=\"ub_testimonial_author_role\"><\/p>\n        <\/div>\n    <\/div>\n<\/div>\n\n<div class=\"wp-block-ub-testimonial\">\n    <div class=\"ub_testimonial\" id=\"ub_testimonial_86566c46-9efd-4420-bbdf-960a8c91de8d\">\n        <div class=\"ub_testimonial_img\">\n            <img loading=\"lazy\" src=\"https:\/\/www.batir-la-paix.fr\/wp-content\/uploads\/2021\/01\/pdray.jpg\" alt=\"\" height=\"100\" width=\"100\">\n        <\/div>\n        <div class=\"ub_testimonial_content\">\n            <p class=\"ub_testimonial_text\"><strong>Pascal Dray<br><\/strong>Administrateur Gestionnaire<\/p>\n        <\/div>\n        <div class=\"ub_testimonial_sign\">\n            <p class=\"ub_testimonial_author\">Consultant \u00e0 Paris &#8211; 55 ans<\/p>\n            <p class=\"ub_testimonial_author_role\"><\/p>\n        <\/div>\n    <\/div>\n<\/div>\n\n<div class=\"wp-block-ub-testimonial\">\n    <div class=\"ub_testimonial\" id=\"ub_testimonial_9245781b-dc90-4c5e-9925-15d61399d348\">\n        <div class=\"ub_testimonial_img\">\n            <img loading=\"lazy\" src=\"https:\/\/www.batir-la-paix.fr\/wp-content\/uploads\/2021\/01\/gdf.jpg\" alt=\"\" height=\"100\" width=\"100\">\n        <\/div>\n        <div class=\"ub_testimonial_content\">\n            <p class=\"ub_testimonial_text\"><strong>Guillaume de Fonclare<\/strong><br>Administrateur Gestionnaire<\/p>\n        <\/div>\n        <div class=\"ub_testimonial_sign\">\n            <p class=\"ub_testimonial_author\">Ecrivain &#8211; 52 ans<\/p>\n            <p class=\"ub_testimonial_author_role\"><\/p>\n        <\/div>\n    <\/div>\n<\/div>\n\n\n<p><\/p>\n","protected":false},"excerpt":{"rendered":"","protected":false},"author":1,"featured_media":0,"parent":0,"menu_order":0,"comment_status":"closed","ping_status":"closed","template":"","meta":{"ub_ctt_via":""},"featured_image_src":null,"uagb_featured_image_src":{"full":false,"thumbnail":false,"medium":false,"medium_large":false,"large":false,"1536x1536":false,"2048x2048":false,"ub-block-post-grid-landscape":false,"charity-care-donation-post":false,"charity-care-give":false,"benevolent-slider":false,"benevolent-community":false,"benevolent-blog":false,"benevolent-with-sidebar":false,"benevolent-without-sidebar":false,"benevolent-featured-post":false,"benevolent-recent-post":false,"benevolent-schema":false},"uagb_author_info":{"display_name":"B\u00e2tir la Paix","author_link":"https:\/\/www.batir-la-paix.fr\/index.php\/author\/admin6005\/"},"uagb_comment_info":0,"uagb_excerpt":null,"_links":{"self":[{"href":"https:\/\/www.batir-la-paix.fr\/index.php\/wp-json\/wp\/v2\/pages\/1914"}],"collection":[{"href":"https:\/\/www.batir-la-paix.fr\/index.php\/wp-json\/wp\/v2\/pages"}],"about":[{"href":"https:\/\/www.batir-la-paix.fr\/index.php\/wp-json\/wp\/v2\/types\/page"}],"author":[{"embeddable":true,"href":"https:\/\/www.batir-la-paix.fr\/index.php\/wp-json\/wp\/v2\/users\/1"}],"replies":[{"embeddable":true,"href":"https:\/\/www.batir-la-paix.fr\/index.php\/wp-json\/wp\/v2\/comments?post=1914"}],"version-history":[{"count":9,"href":"https:\/\/www.batir-la-paix.fr\/index.php\/wp-json\/wp\/v2\/pages\/1914\/revisions"}],"predecessor-version":[{"id":1964,"href":"https:\/\/www.batir-la-paix.fr\/index.php\/wp-json\/wp\/v2\/pages\/1914\/revisions\/1964"}],"wp:attachment":[{"href":"https:\/\/www.batir-la-paix.fr\/index.php\/wp-json\/wp\/v2\/media?parent=1914"}],"curies":[{"name":"wp","href":"https:\/\/api.w.org\/{rel}","templated":true}]}}