{"id":1570,"date":"2015-07-09T00:43:32","date_gmt":"2015-07-08T22:43:32","guid":{"rendered":"http:\/\/127.0.0.1\/serveur\/?page_id=9"},"modified":"2020-11-14T19:34:06","modified_gmt":"2020-11-14T18:34:06","slug":"un-espace-de-vie-pour-favoriser-les-echanges-inter-culturels","status":"publish","type":"page","link":"https:\/\/www.batir-la-paix.fr\/index.php\/presentation-maisons-de-la-paix\/un-espace-de-vie-pour-favoriser-les-echanges-inter-culturels\/","title":{"rendered":"Un lieu d&#039;ouverture au monde"},"content":{"rendered":"\n<p>A travers\u00a0l\u2019acc\u00e8s \u00e0 l\u2019information, la culture\u00a0et l\u2019\u00e9ducation, les objectifs des Maisons de la Paix sont de\u00a0:<\/p>\n\n\n\n<ul><li>permettre \u00e0&nbsp;chaque individu de&nbsp;s\u2019extraire de sa&nbsp;propre condition,&nbsp;de s\u2019affranchir des barri\u00e8res sociales et&nbsp;d\u2019appr\u00e9hender&nbsp;l\u2019ensemble des opportunit\u00e9s&nbsp;offertes par la soci\u00e9t\u00e9 ;<\/li><li>favoriser la prise de conscience d\u2019\u00eatre un \u00e9l\u00e9ment constitutif de la soci\u00e9t\u00e9 disposant de droits, de devoirs,&nbsp;d\u2019une voix \u00e0 faire entendre et de la possibilit\u00e9 d\u2019y jouer un r\u00f4le&nbsp;actif.<\/li><\/ul>\n\n\n\n<p>En cr\u00e9ant un tel lieu, l&rsquo;objectif est aussi de lutter contre un ph\u00e9nom\u00e8ne de&nbsp;non-adh\u00e9sion \u00e0 la soci\u00e9t\u00e9 dont l&rsquo;in\u00e9galit\u00e9 des chances, principalement inh\u00e9rente \u00e0 la provenance sociale, constitue&nbsp;le terreau. Ce ph\u00e9nom\u00e8ne se mat\u00e9rialise par&nbsp;le repli sur soi ou le communautarisme, la d\u00e9socialisation voire&nbsp;le&nbsp;rejet de la soci\u00e9t\u00e9 dans son ensemble, mais&nbsp;plus commun\u00e9ment par&nbsp;l&rsquo;acceptation subie d&rsquo;une vie ressentie comme profond\u00e9ment in\u00e9quitable&nbsp;;&nbsp;autant de facteurs&nbsp;qui sont la source de tensions fondamentalement clivantes au sein de la soci\u00e9t\u00e9. Car au-del\u00e0 des in\u00e9galit\u00e9s financi\u00e8res, c&rsquo;est avant tout \u00e0 une&nbsp;<strong>in\u00e9galit\u00e9 de perspectives et de visions d&rsquo;avenir<\/strong>&nbsp;que sont&nbsp;confront\u00e9es les populations&nbsp;les moins favoris\u00e9es.<br>En donnant&nbsp;l\u2019acc\u00e8s \u00e0 l\u2019information, la culture et la connaissance dans le cadre d\u2019un accompagnement p\u00e9dagogique, on fait d\u2019un lieu d\u2019ouverture au monde un lieu d\u2019ouverture sur soi, favorisant ainsi une&nbsp;int\u00e9gration valoris\u00e9e et volontaire des individus dans la soci\u00e9t\u00e9.<\/p>\n\n\n\n<hr class=\"wp-block-separator\"\/>\n\n\n\n<h3><strong>Objectifs<\/strong><\/h3>\n\n\n\n<blockquote><ul>\n<li>Favoriser l&rsquo;\u00e9ducation,&nbsp;l&rsquo;instruction et la citoyennet\u00e9<\/li>\n<li>Lutter contre l&rsquo;<em>exclusion<\/em> li\u00e9e aux in\u00e9galit\u00e9s sociales et culturelles<\/li>\n<li>Ouvrir&nbsp;des perspectives de vie valorisantes au sein de la soci\u00e9t\u00e9<\/li>\n<li>Favoriser l&#8217;emploi et l&rsquo;activit\u00e9 professionnelle<\/li>\n<\/ul><\/blockquote>\n\n\n\n<hr class=\"wp-block-separator\"\/>\n\n\n\n<h3><strong>Moyens<\/strong><\/h3>\n\n\n\n<blockquote class=\"moyens\"><ul>\n<li>Une biblioth\u00e8que\/m\u00e9diath\u00e8que<\/li>\n<li>Une salle polyvalente et une salle d&rsquo;ateliers<\/li>\n<li>Un lieu de silence<\/li>\n<li>Un service d&rsquo;accompagnement culturel et p\u00e9dagogique<\/li>\n<li>Un service complet d\u2019acc\u00e8s \u00e0 l\u2019information et \u00e0 l\u2019actualit\u00e9<\/li>\n<li>Un service d\u2019aide \u00e0 l\u2019orientation scolaire et professionnelle<\/li>\n<li>Un service de soutien et d\u2019aide \u00e0 l\u2019activit\u00e9 professionnelle<\/li>\n<li>Un service de soutien scolaire et \u00e9ducatif<\/li>\n<li>Un service d\u2019alphab\u00e9tisation&nbsp;et&nbsp;d\u2019aide \u00e0 l&rsquo;expression orale et \u00e9crite<\/li>\n<\/ul><\/blockquote>\n\n\n\n<hr class=\"wp-block-separator\"\/>\n\n\n\n<h4><strong><br>Une biblioth\u00e8que\/m\u00e9diath\u00e8que<\/strong><\/h4>\n\n\n\n<p>La biblioth\u00e8que\/m\u00e9diath\u00e8que propose une s\u00e9lection de m\u00e9dias&nbsp;disponibles \u00e0 la consultation sur place et \u00e0 l\u2019emprunt. Elle propose aussi un&nbsp;acc\u00e8s complet \u00e0 la presse quotidienne et autres magazines d\u2019informations.<br>La m\u00e9diath\u00e8que dispose&nbsp;naturellement d&rsquo;un large \u00e9ventail d\u2019int\u00e9r\u00eats et d\u2019horizons culturels \u00e0 travers la s\u00e9lection de m\u00e9dias qu\u2019elle met \u00e0 disposition, mais n\u2019est pas destin\u00e9e \u00e0 proposer une offre aussi large et diverse que le ferait une biblioth\u00e8que municipale. Son ambition est d&rsquo;offrir aux visiteurs&nbsp;un accompagnement p\u00e9dagogique dans le choix de m\u00e9dias qu\u2019elle propose, en insistant sur l\u2019aspect qualitatif,&nbsp;critique et contradictoire de sa s\u00e9lection. Il s&rsquo;agit donc de mettre \u00e0 disposition du public :<\/p>\n\n\n\n<ul><li>un ensemble de m\u00e9dias formant un&nbsp;socle culturel commun&nbsp;minimum,<\/li><li>des m\u00e9dias permettant d&rsquo;appr\u00e9hender et de comprendre le monde dans sa pluralit\u00e9 et sa complexit\u00e9,<\/li><li>des m\u00e9dias permettant de comprendre la soci\u00e9t\u00e9 et son fonctionnement,<\/li><li>un acc\u00e8s \u00e0 la presse quotidienne et l&rsquo;actualit\u00e9 en g\u00e9n\u00e9ral,<\/li><li>des m\u00e9dias permettant la d\u00e9couverte d\u2019int\u00e9r\u00eats personnels ou de vocations professionnelles.<\/li><\/ul>\n\n\n\n<p>( La provenance des livres et m\u00e9dias propos\u00e9s dans la m\u00e9diath\u00e8que est vari\u00e9e : achat direct, pr\u00eats divers, partenariat \u00e9diteur, diffusion livre num\u00e9rique. partenariat fabricant liseuse. )<\/p>\n\n\n\n<h4><strong>Une&nbsp;salle polyvalente et une salle d&rsquo;ateliers<\/strong><\/h4>\n\n\n\n<p>Dans le cadre du lieu d&rsquo;ouverture au monde,&nbsp;ces deux salles offrent une continuit\u00e9 p\u00e9dagogique&nbsp;avec la m\u00e9diath\u00e8que. La salle polyvalente propose des expositions, des projections, des \u00ab\u00a0journ\u00e9es D\u00e9couverte\u00a0\u00bb, etc.&nbsp;La salle d&rsquo;ateliers, quant \u00e0 elle, propose une approche pratique et concr\u00e8te de la culture permettant de&nbsp;d\u00e9couvrir de nouveaux savoir-faire et de s&rsquo;y initier.<br>Ces deux salles permettent aussi la mise en place du dispositif&nbsp;\u00ab\u00a0Culture pour tous\u00a0\u00bb. Ce dispositif,&nbsp;propos\u00e9 par les Maisons de la Paix, vise \u00e0 offrir un lieu d\u2019exercice \u00e0 toute personne porteuse d\u2019un savoir ou savoir-faire et d\u00e9sireuse d\u2019en faire profiter le plus grand nombre. Concr\u00e8tement, un professeur de guitare pourra b\u00e9n\u00e9ficier d&rsquo;une salle d&rsquo;exercice pour&nbsp;d\u00e9livrer&nbsp;une prestation profitant&nbsp;\u00e0 plusieurs individus simultan\u00e9ment, sur le principe de l&rsquo;intervention \u00e0 co\u00fbt mutualis\u00e9 (ICM).<\/p>\n\n\n\n<h4><strong>Un lieu de silence<\/strong><\/h4>\n\n\n\n<p>Prolongement de la m\u00e9diath\u00e8que, c\u2019est&nbsp;un lieu de travail, de lecture et&nbsp;de r\u00e9flexion o\u00f9 la seule r\u00e8gle est de respecter la tranquillit\u00e9 d\u2019autrui.<br>En proposant <strong>un lieu de&nbsp;silence<\/strong>, il s\u2019agit, symboliquement, de proposer un mod\u00e8le concret de d\u00e9veloppement et de construction personnel&nbsp;o\u00f9 la d\u00e9couverte, la recherche et la r\u00e9flexion ont une place centrale, et constituent des facteurs r\u00e9els d\u2019enrichissement et d\u2019\u00e9panouissement.<\/p>\n\n\n\n<h4><strong>Un service d&rsquo;accompagnement culturel et p\u00e9dagogique<\/strong><\/h4>\n\n\n\n<p>Des outils comme la m\u00e9diath\u00e8que, le service d&rsquo;acc\u00e8s \u00e0 l&rsquo;information ou encore la salle d&rsquo;ateliers et la salle polyvalente apportent&nbsp;une r\u00e9ponse culturelle globale mais ne peuvent se suffire \u00e0 eux-m\u00eames&nbsp;:&nbsp;ils n\u00e9cessitent la pr\u00e9sence d&rsquo;un encadrement humain qualifi\u00e9 \u00e0 m\u00eame d&rsquo;offrir un r\u00e9el accompagnement culturel et p\u00e9dagogique. Cet accompagnement s&rsquo;incarne dans une \u00e9quipe f\u00e9d\u00e9r\u00e9e autour de principes communs&nbsp;et&nbsp;issus d&rsquo;<strong>une p\u00e9dagogie dans laquelle la notion de bienveillance a une place&nbsp;centrale.<\/strong><br>Ce service&nbsp;d&rsquo;accompagnement&nbsp;doit permettre de&nbsp;r\u00e9pondre \u00e0 un&nbsp;besoin&nbsp;social&nbsp;r\u00e9el et concret, aussi bien en mati\u00e8re d&rsquo;\u00e9ducation et de culture qu&rsquo;en mati\u00e8re d&rsquo;orientation, de formation&nbsp;et&nbsp;d&#8217;emploi.<\/p>\n\n\n\n<h4><strong>Un service complet d\u2019acc\u00e8s \u00e0 l\u2019information et \u00e0 l\u2019actualit\u00e9<\/strong><\/h4>\n\n\n\n<p>L&rsquo;int\u00e9gration dans la soci\u00e9t\u00e9 passe n\u00e9cessairement par une&nbsp;compr\u00e9hension globale&nbsp;de l&rsquo;information et de l&rsquo;actualit\u00e9,&nbsp;et par une <strong>appropriation des m\u00e9canismes et des enjeux de soci\u00e9t\u00e9<\/strong>. Cette compr\u00e9hension est d&rsquo;autant plus indispensable qu&rsquo;elle conditionne une vision raisonn\u00e9e et mise en perspective&nbsp;de la politique, des enjeux nationaux ou encore des conflits dans le monde&nbsp;;&nbsp;autant de sujets qui, mal analys\u00e9s, peuvent susciter au mieux, un&nbsp;d\u00e9sint\u00e9r\u00eat, et au pire, un&nbsp;rejet de la soci\u00e9t\u00e9 dans son ensemble et l&rsquo;adh\u00e9sion \u00e0 des causes ou id\u00e9es fantasm\u00e9es.<br>A travers un accompagnement humain sp\u00e9cifique&nbsp;et une offre donnant acc\u00e8s \u00e0 la presse quotidienne et \u00e0 un ensemble de magazines d&rsquo;informations, les Maisons de la Paix veulent&nbsp;mettre \u00e0 disposition du public un service complet d&rsquo;acc\u00e8s \u00e0 l&rsquo;information permettant de d\u00e9crypter, analyser et comprendre l&rsquo;actualit\u00e9.<\/p>\n\n\n\n<h4><strong>Un service d\u2019aide \u00e0 l\u2019orientation scolaire et professionnelle<\/strong><\/h4>\n\n\n\n<p>Il s&rsquo;agit, dans le cadre d&rsquo;un accompagnement culturel global,&nbsp;de compl\u00e9ter l&rsquo;action de l&rsquo;\u00e9cole et des conseillers d&rsquo;orientation en proposant une aide personnalis\u00e9e \u00e0 l&rsquo;orientation scolaire et professionnelle.<br>Pour \u00eatre compl\u00e9mentaire, ce service vise principalement \u00e0 \u00e9largir et approfondir la compr\u00e9hension d&rsquo;horizons d\u00e9j\u00e0 connus, mais aussi \u00e0 en ouvrir de nouveaux afin de favoriser des pistes d&rsquo;orientation valorisantes.<br>La valorisation de l&rsquo;individu est au c\u0153ur de la probl\u00e9matique d&rsquo;int\u00e9gration, car elle&nbsp;constitue un socle indispensable \u00e0 une \u00e9volution constructive et positive au sein de la soci\u00e9t\u00e9. Si une orientation trop pr\u00e9coce peut s&rsquo;av\u00e9rer&nbsp;contre-productive ou n\u00e9faste, la pr\u00e9paration \u00e0 l&rsquo;orientation, par la&nbsp;multiplication&nbsp;de sources d&rsquo;informations et d&rsquo;horizons connus, d\u00e8s le plus jeune \u00e2ge, permet d\u00e9j\u00e0 d&rsquo;entrer dans un processus d&rsquo;int\u00e9gration volontaire&nbsp;et de&nbsp;projection valoris\u00e9e de son propre avenir.<\/p>\n\n\n\n<h4><strong>Un service de soutien et d\u2019aide \u00e0 l\u2019activit\u00e9 professionnelle<\/strong><\/h4>\n\n\n\n<p>A travers des outils comme la m\u00e9diath\u00e8que, le service d&rsquo;accompagnement culturel et p\u00e9dagogique, et un conseil sp\u00e9cifiquement d\u00e9di\u00e9 \u00e0 l&rsquo;activit\u00e9 professionnelle, il s&rsquo;agit de :<\/p>\n\n\n\n<ul><li>Encourager et dynamiser la recherche d&#8217;emploi<\/li><li>Accompagner et valoriser les r\u00e9orientations de carri\u00e8re<\/li><li>Promouvoir&nbsp;et valoriser les formations<\/li><li>Encourager et faciliter l\u2019entrepreneuriat<\/li><\/ul>\n\n\n\n<h4><strong>Un service de soutien scolaire et \u00e9ducatif<\/strong><\/h4>\n\n\n\n<p>Le&nbsp;suivi et la r\u00e9ussite de la scolarit\u00e9 demeurent le meilleur atout pour trouver une place valorisante au sein de la soci\u00e9t\u00e9.&nbsp;Les Maisons de la Paix souhaitent donc instaurer un service de soutien scolaire et \u00e9ducatif,&nbsp;assur\u00e9&nbsp;principalement par des&nbsp;b\u00e9n\u00e9voles mais aussi par des professionnels&nbsp;ext\u00e9rieurs. Ce service s&rsquo;adresse naturellement aux \u00e9l\u00e8ves n\u00e9cessitant un accompagnement, mais aussi aux parents souhaitant b\u00e9n\u00e9ficier d&rsquo;un conseil \u00e9ducatif ou d&rsquo;une aide dans le suivi scolaire de leurs&nbsp;enfants.<\/p>\n\n\n\n<h4><strong>Un service d\u2019alphab\u00e9tisation&nbsp;et&nbsp;d\u2019aide \u00e0 l&rsquo;expression orale et \u00e9crite<\/strong><\/h4>\n\n\n\n<p>La ma\u00eetrise de la langue, orale et \u00e9crite, et donc la capacit\u00e9 \u00e0 savoir communiquer avec la soci\u00e9t\u00e9&nbsp;et ses acteurs sont \u00e9videmment des facteurs d\u00e9terminants d&rsquo;int\u00e9gration sociale. Ce service vise donc \u00e0&nbsp;lutter contre&nbsp;l&rsquo;exclusion li\u00e9e \u00e0 une mauvaise ma\u00eetrise de la langue en proposant :<\/p>\n\n\n\n<ul><li>des ateliers d&rsquo;alphab\u00e9tisation,<\/li><li>des ateliers&nbsp;d&rsquo;expression orale et \u00e9crite,<\/li><li>un service d&rsquo;accompagnement au quotidien.<\/li><\/ul>\n\n\n\n<p>Le&nbsp;service d&rsquo;accompagnement au quotidien aide les individus dans leurs \u00e9changes avec les diff\u00e9rentes institutions et acteurs sociaux (lecture, r\u00e9daction, traduction, etc.), et facilite la communication avec la soci\u00e9t\u00e9 en g\u00e9n\u00e9ral.<\/p>\n\n\n\n<h2>&nbsp;<\/h2>\n","protected":false},"excerpt":{"rendered":"<p>A travers\u00a0l\u2019acc\u00e8s \u00e0 l\u2019information, la culture\u00a0et l\u2019\u00e9ducation, les objectifs des Maisons de la Paix sont de\u00a0: permettre \u00e0&nbsp;chaque individu de&nbsp;s\u2019extraire de sa&nbsp;propre condition,&nbsp;de s\u2019affranchir des barri\u00e8res sociales et&nbsp;d\u2019appr\u00e9hender&nbsp;l\u2019ensemble des opportunit\u00e9s&nbsp;offertes par la soci\u00e9t\u00e9 ; favoriser la prise de conscience d\u2019\u00eatre un \u00e9l\u00e9ment constitutif de la soci\u00e9t\u00e9 disposant de droits, de devoirs,&nbsp;d\u2019une voix \u00e0 faire entendre et de la possibilit\u00e9 d\u2019y &hellip; <\/p>\n","protected":false},"author":1,"featured_media":0,"parent":263,"menu_order":0,"comment_status":"closed","ping_status":"closed","template":"","meta":{"ub_ctt_via":""},"featured_image_src":null,"uagb_featured_image_src":{"full":false,"thumbnail":false,"medium":false,"medium_large":false,"large":false,"1536x1536":false,"2048x2048":false,"ub-block-post-grid-landscape":false,"charity-care-donation-post":false,"charity-care-give":false,"benevolent-slider":false,"benevolent-community":false,"benevolent-blog":false,"benevolent-with-sidebar":false,"benevolent-without-sidebar":false,"benevolent-featured-post":false,"benevolent-recent-post":false,"benevolent-schema":false},"uagb_author_info":{"display_name":"B\u00e2tir la Paix","author_link":"https:\/\/www.batir-la-paix.fr\/index.php\/author\/admin6005\/"},"uagb_comment_info":0,"uagb_excerpt":"A travers\u00a0l\u2019acc\u00e8s \u00e0 l\u2019information, la culture\u00a0et l\u2019\u00e9ducation, les objectifs des Maisons de la Paix sont de\u00a0: permettre \u00e0&nbsp;chaque individu de&nbsp;s\u2019extraire de sa&nbsp;propre condition,&nbsp;de s\u2019affranchir des barri\u00e8res sociales et&nbsp;d\u2019appr\u00e9hender&nbsp;l\u2019ensemble des opportunit\u00e9s&nbsp;offertes par la soci\u00e9t\u00e9 ; favoriser la prise de conscience d\u2019\u00eatre un \u00e9l\u00e9ment constitutif de la soci\u00e9t\u00e9 disposant de droits, de devoirs,&nbsp;d\u2019une voix \u00e0 faire entendre\u2026","_links":{"self":[{"href":"https:\/\/www.batir-la-paix.fr\/index.php\/wp-json\/wp\/v2\/pages\/1570"}],"collection":[{"href":"https:\/\/www.batir-la-paix.fr\/index.php\/wp-json\/wp\/v2\/pages"}],"about":[{"href":"https:\/\/www.batir-la-paix.fr\/index.php\/wp-json\/wp\/v2\/types\/page"}],"author":[{"embeddable":true,"href":"https:\/\/www.batir-la-paix.fr\/index.php\/wp-json\/wp\/v2\/users\/1"}],"replies":[{"embeddable":true,"href":"https:\/\/www.batir-la-paix.fr\/index.php\/wp-json\/wp\/v2\/comments?post=1570"}],"version-history":[{"count":6,"href":"https:\/\/www.batir-la-paix.fr\/index.php\/wp-json\/wp\/v2\/pages\/1570\/revisions"}],"predecessor-version":[{"id":1889,"href":"https:\/\/www.batir-la-paix.fr\/index.php\/wp-json\/wp\/v2\/pages\/1570\/revisions\/1889"}],"up":[{"embeddable":true,"href":"https:\/\/www.batir-la-paix.fr\/index.php\/wp-json\/wp\/v2\/pages\/263"}],"wp:attachment":[{"href":"https:\/\/www.batir-la-paix.fr\/index.php\/wp-json\/wp\/v2\/media?parent=1570"}],"curies":[{"name":"wp","href":"https:\/\/api.w.org\/{rel}","templated":true}]}}