{"id":1342,"date":"2020-07-21T01:50:48","date_gmt":"2020-07-20T23:50:48","guid":{"rendered":"https:\/\/maisonsdelapaix.fr\/fr\/?page_id=1342"},"modified":"2020-11-14T03:21:55","modified_gmt":"2020-11-14T02:21:55","slug":"rejoindre-le-reseau","status":"publish","type":"page","link":"https:\/\/www.batir-la-paix.fr\/index.php\/un-reseau-pour-la-paix\/rejoindre-le-reseau\/","title":{"rendered":"Rejoindre le r\u00e9seau des Maisons de la Paix"},"content":{"rendered":"\n<p>Vous souhaitez implanter une Maison de la Paix dans votre commune ?<br>Vous souhaitez contribuer \u00e0 un projet existant ?<\/p>\n\n\n\n<p>Contactez-nous :<\/p>\n\n\n\n<p><strong>Association B\u00e2tir la Paix<\/strong><br>18, rue de Chaumont<br>60 270 Gouvieux<\/p>\n\n\n\n<p>T\u00e9l\u00e9phone : 03 44 57 17 43<\/p>\n\n\n\n<p>Pr\u00e9sidente de l&rsquo;association : Marie-Pierre Oudin &#8211; <a href=\"https:\/\/www.batir-la-paix.fr\/index.php\/contactez-nous\/\">Contactez-nous<\/a><\/p>\n","protected":false},"excerpt":{"rendered":"<p>Vous souhaitez implanter une Maison de la Paix dans votre commune ?Vous souhaitez contribuer \u00e0 un projet existant ? Contactez-nous : Association B\u00e2tir la Paix18, rue de Chaumont60 270 Gouvieux T\u00e9l\u00e9phone : 03 44 57 17 43 Pr\u00e9sidente de l&rsquo;association : Marie-Pierre Oudin &#8211; Contactez-nous<\/p>\n","protected":false},"author":1,"featured_media":0,"parent":1295,"menu_order":0,"comment_status":"closed","ping_status":"closed","template":"","meta":{"ub_ctt_via":""},"featured_image_src":null,"uagb_featured_image_src":{"full":false,"thumbnail":false,"medium":false,"medium_large":false,"large":false,"1536x1536":false,"2048x2048":false,"ub-block-post-grid-landscape":false,"charity-care-donation-post":false,"charity-care-give":false,"benevolent-slider":false,"benevolent-community":false,"benevolent-blog":false,"benevolent-with-sidebar":false,"benevolent-without-sidebar":false,"benevolent-featured-post":false,"benevolent-recent-post":false,"benevolent-schema":false},"uagb_author_info":{"display_name":"B\u00e2tir la Paix","author_link":"https:\/\/www.batir-la-paix.fr\/index.php\/author\/admin6005\/"},"uagb_comment_info":0,"uagb_excerpt":"Vous souhaitez implanter une Maison de la Paix dans votre commune ?Vous souhaitez contribuer \u00e0 un projet existant ? Contactez-nous : Association B\u00e2tir la Paix18, rue de Chaumont60 270 Gouvieux T\u00e9l\u00e9phone : 03 44 57 17 43 Pr\u00e9sidente de l&rsquo;association : Marie-Pierre Oudin &#8211; Contactez-nous","_links":{"self":[{"href":"https:\/\/www.batir-la-paix.fr\/index.php\/wp-json\/wp\/v2\/pages\/1342"}],"collection":[{"href":"https:\/\/www.batir-la-paix.fr\/index.php\/wp-json\/wp\/v2\/pages"}],"about":[{"href":"https:\/\/www.batir-la-paix.fr\/index.php\/wp-json\/wp\/v2\/types\/page"}],"author":[{"embeddable":true,"href":"https:\/\/www.batir-la-paix.fr\/index.php\/wp-json\/wp\/v2\/users\/1"}],"replies":[{"embeddable":true,"href":"https:\/\/www.batir-la-paix.fr\/index.php\/wp-json\/wp\/v2\/comments?post=1342"}],"version-history":[{"count":3,"href":"https:\/\/www.batir-la-paix.fr\/index.php\/wp-json\/wp\/v2\/pages\/1342\/revisions"}],"predecessor-version":[{"id":1884,"href":"https:\/\/www.batir-la-paix.fr\/index.php\/wp-json\/wp\/v2\/pages\/1342\/revisions\/1884"}],"up":[{"embeddable":true,"href":"https:\/\/www.batir-la-paix.fr\/index.php\/wp-json\/wp\/v2\/pages\/1295"}],"wp:attachment":[{"href":"https:\/\/www.batir-la-paix.fr\/index.php\/wp-json\/wp\/v2\/media?parent=1342"}],"curies":[{"name":"wp","href":"https:\/\/api.w.org\/{rel}","templated":true}]}}